{"id":135,"date":"2014-06-23T13:36:03","date_gmt":"2014-06-23T15:36:03","guid":{"rendered":"http:\/\/lecailloublanc.fr\/agence-accueil\/?page_id=135"},"modified":"2023-06-19T11:37:05","modified_gmt":"2023-06-19T13:37:05","slug":"home","status":"publish","type":"page","link":"http:\/\/lecailloublanc.fr\/agence-accueil\/en\/home\/","title":{"rendered":"Home"},"content":{"rendered":"<div  class=\"fusion-fullwidth fullwidth-box fusion-blend-mode nonhundred-percent-fullwidth\"  style='background-color: rgba(255,255,255,0);background-position: center center;background-repeat: no-repeat;padding-top:0px;padding-right:0px;padding-bottom:0px;padding-left:0px;'><div class=\"fusion-builder-row fusion-row \"><div  class=\"fusion-layout-column fusion_builder_column fusion_builder_column_1_1  fusion-one-full fusion-column-first fusion-column-last 1_1\"  style='margin-top:0px;margin-bottom:20px;'>\n\t\t\t\t\t<div class=\"fusion-column-wrapper\" style=\"background-position:left top;background-repeat:no-repeat;-webkit-background-size:cover;-moz-background-size:cover;-o-background-size:cover;background-size:cover;\"  data-bg-url=\"\">\n\t\t\t\t\t\t<div class=\"fusion-alert alert error alert-dismissable alert-danger\">  <button type=\"button\" class=\"close toggle-alert\" data-dismiss=\"alert\" aria-hidden=\"true\">&times;<\/button><span class=\"alert-icon\"><i class=\"fa fa-lg fa-exclamation-triangle\"><\/i><\/span><div>Pour des raisons m\u00e9dicales impr\u00e9vues nous sommes dans le regret d&rsquo;annuler jusqu&rsquo;\u00e0 nouvel avis toutes nos prestations.<\/div>\n<div>Vous pouvez pour l&rsquo;organisation de tours de l&rsquo;\u00eele contacter le bureau touristique de Saint-Pierre \u00e0 : <a href=\"mailto:saint-pierre@spm-tourisme.fr\" target=\"_blank\" rel=\"noopener noreferrer\">saint-pierre@spm-tourisme.fr<\/a><\/div>\n<div>tel (+508)41 02 00<\/div>\n<div>Cordialement.<\/div>\n<div><\/div>\n<div><span lang=\"en\">For unforeseen medical reasons we regret to cancel all our services until further notice. For the organization of tours of the island, you can contact the tourist office of Saint-Pierre at: <a href=\"mailto:saint-pierre@spm-tourisme.fr\" target=\"_blank\" rel=\"noopener noreferrer\">saint-pierre@spm-tourisme.fr<\/a><\/span><\/div>\n<div><span lang=\"en\">\u00a0<\/span>tel (+508)41 02 00<\/div><\/div><div class=\"fusion-clearfix\"><\/div>\n\n\t\t\t\t\t<\/div>\n\t\t\t\t<\/div><\/div><\/div><div  class=\"fusion-fullwidth fullwidth-box nonhundred-percent-fullwidth\"  style='background-color: yes;background-position: left top;background-repeat: no-repeat;padding-top:95px;padding-right:0px;padding-bottom:20px;padding-left:0px;border-top-width:0px;border-bottom-width:0px;border-color:#eae9e9;border-top-style:solid;border-bottom-style:solid;'><div class=\"fusion-builder-row fusion-row \"><div  class=\"fusion-layout-column fusion_builder_column fusion_builder_column_2_3  fusion-two-third fusion-column-first 2_3\"  style='margin-top:0px;margin-bottom:20px;width:66.66%;width:calc(66.66% - ( ( 4% ) * 0.6666 ) );margin-right: 4%;'>\n\t\t\t\t\t<div class=\"fusion-column-wrapper\" style=\"background-position:left top;background-repeat:no-repeat;-webkit-background-size:cover;-moz-background-size:cover;-o-background-size:cover;background-size:cover;\"  data-bg-url=\"\">\n\t\t\t\t\t\t<p><a href=\"http:\/\/lecailloublanc.fr\/agence-accueil\/wp-content\/uploads\/2013\/11\/logo-lcb.jpg\"><img decoding=\"async\" loading=\"lazy\" class=\"size-medium wp-image-10 alignleft\" src=\"http:\/\/lecailloublanc.fr\/agence-accueil\/wp-content\/uploads\/2013\/11\/logo-lcb-300x208.jpg\" sizes=\"(max-width: 194px) 100vw, 194px\" srcset=\"http:\/\/lecailloublanc.fr\/agence-accueil\/wp-content\/uploads\/2013\/11\/logo-lcb-300x208.jpg 300w, http:\/\/lecailloublanc.fr\/agence-accueil\/wp-content\/uploads\/2013\/11\/logo-lcb.jpg 616w\" alt=\"logo-lcb\" width=\"194\" height=\"134\" \/><\/a><em>Le Caillou Blanc a unique experience to visit Saint-Pierre and Miquelon &#8211; Sightseeing specialist<br \/>\nTravelling to a new destination can often be the source of conflicting feelings:<\/em><\/p>\n<p>&#8211; The excitement of discovering a new place.<br \/>\n&#8211; The worry that things may not go as planned.<\/p>\n<p><strong>The Caillou Blanc<\/strong> is a hospitality and guide company dedicated to accommodating your travel needs.Thanks to our agency&rsquo;s experience in the field and our knowledge of the archipelago&rsquo;s diversity.<br \/>\nWe are equipped to meet your needs. We work closely with our clients to create an itinerary that reflects your expectations.<\/p>\n<p><strong>Quality, flexible and attentive<\/strong> service is our staple.<br \/>\nContact us for an exceptional experience that will live up to your finest expectations and help you to realise your travel projects.<\/p>\n<p>No worries, more time to enjoy your trip in Saint-Pierre and Miquelon.<br \/>\nAll you have to do is get in touch, tell us what you envision for your trip and we take care of the logistics.<br \/>\nThe Caillou Blanc is a hospitality and guide agency that specialises in guided visits of the archipelago of Saint-Pierre and Miquelon.<\/p>\n<p>Our tours allow visitors to discover the landscape and wildlife with unique stops and beautiful views.<\/p>\n<p>Whether you are here for business or pleasure, we offer<strong> premium service<\/strong>.<br \/>\nWe offer <strong>assistance <\/strong>for your needs, we respond at any time possible with the finest service.<\/p>\n<p>A <strong>chauffeur service, trip planning, guided tours<\/strong> of the archipelago. The Caillou Blanc&rsquo;s wide range of<\/p>\n<p>Our services are offered in french and english<\/p>\n<div class=\"fusion-clearfix\"><\/div>\n\n\t\t\t\t\t<\/div>\n\t\t\t\t<\/div><div  class=\"fusion-layout-column fusion_builder_column fusion_builder_column_1_3  fusion-one-third fusion-column-last 1_3\"  style='margin-top:0px;margin-bottom:20px;width:33.33%;width:calc(33.33% - ( ( 4% ) * 0.3333 ) );'>\n\t\t\t\t\t<div class=\"fusion-column-wrapper\" style=\"background-position:left top;background-repeat:no-repeat;-webkit-background-size:cover;-moz-background-size:cover;-o-background-size:cover;background-size:cover;\"  data-bg-url=\"\">\n\t\t\t\t\t\t<div class=\"fusion-slider-sc flexslider flexslider-hover-type-none\" style=\"max-width:185px;height:283px;\"><ul class=\"slides\"><li class=\"image\"><span class=\"hover-type-none\"><img role=\"presentation\" src=\"http:\/\/lecailloublanc.fr\/agence-accueil\/wp-content\/uploads\/2017\/06\/slider-tours-1.jpg\" \/><\/span><\/li><li class=\"image\"><span class=\"hover-type-none\"><img role=\"presentation\" src=\"http:\/\/lecailloublanc.fr\/agence-accueil\/wp-content\/uploads\/2013\/11\/slider-tours-2.jpg\" \/><\/span><\/li><li class=\"image\"><span class=\"hover-type-none\"><img role=\"presentation\" src=\"http:\/\/lecailloublanc.fr\/agence-accueil\/wp-content\/uploads\/2013\/11\/vip-service.jpg\" \/><\/span><\/li><li class=\"image\"><span class=\"hover-type-none\"><img role=\"presentation\" src=\"http:\/\/lecailloublanc.fr\/agence-accueil\/wp-content\/uploads\/2017\/06\/phare.jpg\" \/><\/span><\/li><\/ul><\/div><span class=\"fusion-imageframe imageframe-none imageframe-1 hover-type-none\"><a class=\"fusion-no-lightbox\" href=\"http:\/\/lecailloublanc.fr\/agence-accueil\/wp-content\/uploads\/2014\/01\/Flyers-Caillou-Blanc-2010.pdf\" target=\"_blank\" aria-label=\"Flyers-Caillou-Blanc-2010\" rel=\"noopener noreferrer\"><img decoding=\"async\" loading=\"lazy\" src=\"http:\/\/lecailloublanc.fr\/agence-accueil\/wp-content\/uploads\/2014\/01\/Flyers-Caillou-Blanc-2010.jpg\" width=\"295\" height=\"315\" alt=\"\" class=\"img-responsive wp-image-94\"\/><\/a><\/span><div class=\"fusion-clearfix\"><\/div>\n\n\t\t\t\t\t<\/div>\n\t\t\t\t<\/div><\/div><\/div><div  class=\"fusion-fullwidth fullwidth-box nonhundred-percent-fullwidth\"  style='background-color: #fff;background-position: left center;background-repeat: no-repeat;padding-top:27px;padding-right:0px;padding-bottom:10px;padding-left:0px;border-top-width:0px;border-bottom-width:0px;border-color:#eae9e9;border-top-style:solid;border-bottom-style:solid;'><div class=\"fusion-builder-row fusion-row \"><div  class=\"fusion-layout-column fusion_builder_column fusion_builder_column_1_1  fusion-one-full fusion-column-first fusion-column-last fusion-column-no-min-height 1_1\"  style='margin-top:0px;margin-bottom:0px;'>\n\t\t\t\t\t<div class=\"fusion-column-wrapper\" style=\"background-position:left top;background-repeat:no-repeat;-webkit-background-size:cover;-moz-background-size:cover;-o-background-size:cover;background-size:cover;\"  data-bg-url=\"\">\n\t\t\t\t\t\t<div class=\"fusion-sep-clear\"><\/div><div class=\"fusion-separator fusion-full-width-sep sep-shadow\" style=\"background:radial-gradient(ellipse at 50% -50% , #e0dede 0px, rgba(255, 255, 255, 0) 80%) repeat scroll 0 0 rgba(0, 0, 0, 0);background:-webkit-radial-gradient(ellipse at 50% -50% , #e0dede 0px, rgba(255, 255, 255, 0) 80%) repeat scroll 0 0 rgba(0, 0, 0, 0);background:-moz-radial-gradient(ellipse at 50% -50% , #e0dede 0px, rgba(255, 255, 255, 0) 80%) repeat scroll 0 0 rgba(0, 0, 0, 0);background:-o-radial-gradient(ellipse at 50% -50% , #e0dede 0px, rgba(255, 255, 255, 0) 80%) repeat scroll 0 0 rgba(0, 0, 0, 0);margin-left: auto;margin-right: auto;margin-top:;\"><\/div><h2 style=\"text-align: center;\"><\/h2>\n<h2 style=\"text-align: center;\">Our clientele<\/h2>\n<div class=\"fusion-clearfix\"><\/div>\n\n\t\t\t\t\t<\/div>\n\t\t\t\t<\/div><\/div><\/div><div  class=\"fusion-fullwidth fullwidth-box fusion-blend-mode nonhundred-percent-fullwidth\"  style='background-color: rgba(255,255,255,0);background-position: left top;background-repeat: repeat;padding-top:60px;padding-right:0px;padding-bottom:55px;padding-left:0px;border-top-width:0px;border-bottom-width:0px;border-color:#eae9e9;border-top-style:solid;border-bottom-style:solid;'><div class=\"fusion-builder-row fusion-row \"><div  class=\"fusion-layout-column fusion_builder_column fusion_builder_column_1_5  fusion-one-fifth fusion-column-first 1_5\"  style='margin-top:0px;margin-bottom:20px;width:16.8%; margin-right: 4%;'>\n\t\t\t\t\t<div class=\"fusion-column-wrapper\" style=\"background-position:left top;background-repeat:no-repeat;-webkit-background-size:cover;-moz-background-size:cover;-o-background-size:cover;background-size:cover;\"  data-bg-url=\"\">\n\t\t\t\t\t\t<span class=\"fusion-imageframe imageframe-none imageframe-2 hover-type-none\"><img decoding=\"async\" loading=\"lazy\" src=\"http:\/\/lecailloublanc.fr\/agence-accueil\/wp-content\/uploads\/2013\/11\/rond-vert-touristes.png\" width=\"185\" height=\"185\" alt=\"\" title=\"rond-vert-touristes\" class=\"img-responsive wp-image-225\"\/><\/span><h3 style=\"text-align: center;\">TOURISTS<\/h3>\n<p>&nbsp;<\/p>\n<div class=\"fusion-clearfix\"><\/div>\n\n\t\t\t\t\t<\/div>\n\t\t\t\t<\/div><div  class=\"fusion-layout-column fusion_builder_column fusion_builder_column_1_5  fusion-one-fifth 1_5\"  style='margin-top:0px;margin-bottom:20px;width:16.8%; margin-right: 4%;'>\n\t\t\t\t\t<div class=\"fusion-column-wrapper\" style=\"background-position:left top;background-repeat:no-repeat;-webkit-background-size:cover;-moz-background-size:cover;-o-background-size:cover;background-size:cover;\"  data-bg-url=\"\">\n\t\t\t\t\t\t<span class=\"fusion-imageframe imageframe-none imageframe-3 hover-type-none\"><img decoding=\"async\" loading=\"lazy\" src=\"http:\/\/lecailloublanc.fr\/agence-accueil\/wp-content\/uploads\/2013\/11\/rond-bleu-cam.png\" width=\"185\" height=\"185\" alt=\"\" title=\"rond-bleu-cam\" class=\"img-responsive wp-image-233\"\/><\/span><h3 style=\"text-align: center;\">PROFESSIONNAL CREW<\/h3>\n<p>&nbsp;<\/p>\n<div class=\"fusion-clearfix\"><\/div>\n\n\t\t\t\t\t<\/div>\n\t\t\t\t<\/div><div  class=\"fusion-layout-column fusion_builder_column fusion_builder_column_1_5  fusion-one-fifth 1_5\"  style='margin-top:0px;margin-bottom:20px;width:16.8%; margin-right: 4%;'>\n\t\t\t\t\t<div class=\"fusion-column-wrapper\" style=\"background-position:left top;background-repeat:no-repeat;-webkit-background-size:cover;-moz-background-size:cover;-o-background-size:cover;background-size:cover;\"  data-bg-url=\"\">\n\t\t\t\t\t\t<span class=\"fusion-imageframe imageframe-none imageframe-4 hover-type-none\"><img decoding=\"async\" loading=\"lazy\" src=\"http:\/\/lecailloublanc.fr\/agence-accueil\/wp-content\/uploads\/2013\/11\/rond-brun-yacht.png\" width=\"185\" height=\"185\" alt=\"\" title=\"rond-brun-yacht\" class=\"img-responsive wp-image-232\"\/><\/span><h3 style=\"text-align: center;\">PRIVATE YACHT<\/h3>\n<div class=\"fusion-clearfix\"><\/div>\n\n\t\t\t\t\t<\/div>\n\t\t\t\t<\/div><div  class=\"fusion-layout-column fusion_builder_column fusion_builder_column_1_5  fusion-one-fifth 1_5\"  style='margin-top:0px;margin-bottom:20px;width:16.8%; margin-right: 4%;'>\n\t\t\t\t\t<div class=\"fusion-column-wrapper\" style=\"background-position:left top;background-repeat:no-repeat;-webkit-background-size:cover;-moz-background-size:cover;-o-background-size:cover;background-size:cover;\"  data-bg-url=\"\">\n\t\t\t\t\t\t<span class=\"fusion-imageframe imageframe-none imageframe-5 hover-type-none\"><img decoding=\"async\" loading=\"lazy\" src=\"http:\/\/lecailloublanc.fr\/agence-accueil\/wp-content\/uploads\/2013\/11\/rond-orange-voilier.png\" width=\"185\" height=\"185\" alt=\"\" title=\"rond-orange-voilier\" class=\"img-responsive wp-image-228\"\/><\/span><h3 style=\"text-align: center;\">SAILING BOATS<\/h3>\n<p>&nbsp;<\/p>\n<div class=\"fusion-clearfix\"><\/div>\n\n\t\t\t\t\t<\/div>\n\t\t\t\t<\/div><div  class=\"fusion-layout-column fusion_builder_column fusion_builder_column_1_5  fusion-one-fifth fusion-column-last 1_5\"  style='margin-top:0px;margin-bottom:20px;width:16.8%'>\n\t\t\t\t\t<div class=\"fusion-column-wrapper\" style=\"background-position:left top;background-repeat:no-repeat;-webkit-background-size:cover;-moz-background-size:cover;-o-background-size:cover;background-size:cover;\"  data-bg-url=\"\">\n\t\t\t\t\t\t<span class=\"fusion-imageframe imageframe-none imageframe-6 hover-type-none\"><img decoding=\"async\" loading=\"lazy\" src=\"http:\/\/lecailloublanc.fr\/agence-accueil\/wp-content\/uploads\/2013\/11\/rond-bleu-avion.png\" width=\"185\" height=\"185\" alt=\"\" title=\"rond-bleu-avion\" class=\"img-responsive wp-image-229\"\/><\/span><h3 style=\"text-align: center;\">PRIVATE AIRPLANES<\/h3>\n<p>&nbsp;<\/p>\n<div class=\"fusion-clearfix\"><\/div>\n\n\t\t\t\t\t<\/div>\n\t\t\t\t<\/div><\/div><\/div><div  class=\"fusion-fullwidth fullwidth-box fusion-blend-mode nonhundred-percent-fullwidth\"  style='background-color: rgba(255,255,255,0);background-position: center center;background-repeat: no-repeat;padding-top:0px;padding-right:0px;padding-bottom:0px;padding-left:0px;margin-bottom: -40px;margin-top: -43px;'><div class=\"fusion-builder-row fusion-row \"><div  class=\"fusion-layout-column fusion_builder_column fusion_builder_column_1_2  fusion-one-half fusion-column-first fusion-column-no-min-height 1_2\"  style='margin-top:0px;margin-bottom:0px;width:48%; margin-right: 4%;'>\n\t\t\t\t\t<div class=\"fusion-column-wrapper\" style=\"background-position:left top;background-repeat:no-repeat;-webkit-background-size:cover;-moz-background-size:cover;-o-background-size:cover;background-size:cover;\"  data-bg-url=\"\">\n\t\t\t\t\t\t<div class=\"fusion-sep-clear\"><\/div><div class=\"fusion-separator fusion-full-width-sep sep-single sep-solid\" style=\"border-color:#e0dede;border-top-width:1px;margin-left: auto;margin-right: auto;margin-top:;\"><\/div><h3>OUR PROFESSIONAL CLIENTELE<\/h3>\n<ul class=\"fusion-checklist fusion-checklist-1\" style=\"font-size:13px;line-height:22.1px;\"><li class=\"fusion-li-item\"><span style=\"background-color:#f05858;font-size:11.44px;height:22.1px;width:22.1px;margin-right:9.1px;\" class=\"icon-wrapper circle-yes\"><i class=\"fusion-li-icon fa fa-minus\" style=\"color:#ffffff;\"><\/i><\/span><div class=\"fusion-li-item-content\" style=\"margin-left:31.2px;\">\n<p>Television crews (assistance before and during their shoots)<\/p>\n<p>&nbsp;<\/p>\n<\/div><\/li><li class=\"fusion-li-item\"><span style=\"background-color:#f05858;font-size:11.44px;height:22.1px;width:22.1px;margin-right:9.1px;\" class=\"icon-wrapper circle-yes\"><i class=\"fusion-li-icon fa fa-minus\" style=\"color:#ffffff;\"><\/i><\/span><div class=\"fusion-li-item-content\" style=\"margin-left:31.2px;\">\n<p>Professionals visiting the island for business.<\/p>\n<p>&nbsp;<\/p>\n<\/div><\/li><li class=\"fusion-li-item\"><span style=\"background-color:#f05858;font-size:11.44px;height:22.1px;width:22.1px;margin-right:9.1px;\" class=\"icon-wrapper circle-yes\"><i class=\"fusion-li-icon fa fa-minus\" style=\"color:#ffffff;\"><\/i><\/span><div class=\"fusion-li-item-content\" style=\"margin-left:31.2px;\">\n<p>Professionals on assignment in Saint-Pierre and Miquelon.<\/p>\n<p>&nbsp;<\/p>\n<\/div><\/li><\/ul><div class=\"fusion-clearfix\"><\/div>\n\n\t\t\t\t\t<\/div>\n\t\t\t\t<\/div><div  class=\"fusion-layout-column fusion_builder_column fusion_builder_column_1_2  fusion-one-half fusion-column-last 1_2\"  style='margin-top:0px;margin-bottom:20px;width:48%'>\n\t\t\t\t\t<div class=\"fusion-column-wrapper\" style=\"background-position:left top;background-repeat:no-repeat;-webkit-background-size:cover;-moz-background-size:cover;-o-background-size:cover;background-size:cover;\"  data-bg-url=\"\">\n\t\t\t\t\t\t<div class=\"fusion-sep-clear\"><\/div><div class=\"fusion-separator fusion-full-width-sep sep-single sep-solid\" style=\"border-color:#e0dede;border-top-width:1px;margin-left: auto;margin-right: auto;margin-top:;\"><\/div><h3>TOURISTS<\/h3>\n<ul class=\"fusion-checklist fusion-checklist-2\" style=\"font-size:13px;line-height:22.1px;\"><li class=\"fusion-li-item\"><span style=\"background-color:#f05858;font-size:11.44px;height:22.1px;width:22.1px;margin-right:9.1px;\" class=\"icon-wrapper circle-yes\"><i class=\"fusion-li-icon fa fa-minus\" style=\"color:#ffffff;\"><\/i><\/span><div class=\"fusion-li-item-content\" style=\"margin-left:31.2px;\">\n<p>Tourists visiting the archipelago.<\/p>\n<p>&nbsp;<\/p>\n<\/div><\/li><li class=\"fusion-li-item\"><span style=\"background-color:#f05858;font-size:11.44px;height:22.1px;width:22.1px;margin-right:9.1px;\" class=\"icon-wrapper circle-yes\"><i class=\"fusion-li-icon fa fa-minus\" style=\"color:#ffffff;\"><\/i><\/span><div class=\"fusion-li-item-content\" style=\"margin-left:31.2px;\">\n<p>Sailing and yachting enthusiasts.<\/p>\n<p>&nbsp;<\/p>\n<\/div><\/li><li class=\"fusion-li-item\"><span style=\"background-color:#f05858;font-size:11.44px;height:22.1px;width:22.1px;margin-right:9.1px;\" class=\"icon-wrapper circle-yes\"><i class=\"fusion-li-icon fa fa-minus\" style=\"color:#ffffff;\"><\/i><\/span><div class=\"fusion-li-item-content\" style=\"margin-left:31.2px;\">\n<p>Private airplane pilots and crew.<\/p>\n<p>&nbsp;<\/p>\n<\/div><\/li><\/ul><div class=\"fusion-clearfix\"><\/div>\n\n\t\t\t\t\t<\/div>\n\t\t\t\t<\/div><\/div><\/div><div  class=\"fusion-fullwidth fullwidth-box fusion-blend-mode nonhundred-percent-fullwidth\"  style='background-color: rgba(255,255,255,0);background-position: center center;background-repeat: no-repeat;padding-top:0px;padding-right:0px;padding-bottom:0px;padding-left:0px;'><div class=\"fusion-builder-row fusion-row \"><div  class=\"fusion-layout-column fusion_builder_column fusion_builder_column_1_1  fusion-one-full fusion-column-first fusion-column-last 1_1\"  style='margin-top:0px;margin-bottom:20px;'>\n\t\t\t\t\t<div class=\"fusion-column-wrapper\" style=\"background-image: url('http:\/\/lecailloublanc.fr\/agence-accueil\/wp-content\/uploads\/2013\/11\/lcb.jpg');background-position:left top;background-repeat:no-repeat;-webkit-background-size:cover;-moz-background-size:cover;-o-background-size:cover;background-size:cover;\"  data-bg-url=\"http:\/\/lecailloublanc.fr\/agence-accueil\/wp-content\/uploads\/2013\/11\/lcb.jpg\">\n\t\t\t\t\t\t<div class=\"fusion-clearfix\"><\/div>\n\n\t\t\t\t\t<\/div>\n\t\t\t\t<\/div><\/div><\/div>\n","protected":false},"excerpt":{"rendered":"","protected":false},"author":1,"featured_media":0,"parent":0,"menu_order":0,"comment_status":"closed","ping_status":"open","template":"100-width.php","meta":[],"_links":{"self":[{"href":"http:\/\/lecailloublanc.fr\/agence-accueil\/wp-json\/wp\/v2\/pages\/135"}],"collection":[{"href":"http:\/\/lecailloublanc.fr\/agence-accueil\/wp-json\/wp\/v2\/pages"}],"about":[{"href":"http:\/\/lecailloublanc.fr\/agence-accueil\/wp-json\/wp\/v2\/types\/page"}],"author":[{"embeddable":true,"href":"http:\/\/lecailloublanc.fr\/agence-accueil\/wp-json\/wp\/v2\/users\/1"}],"replies":[{"embeddable":true,"href":"http:\/\/lecailloublanc.fr\/agence-accueil\/wp-json\/wp\/v2\/comments?post=135"}],"version-history":[{"count":21,"href":"http:\/\/lecailloublanc.fr\/agence-accueil\/wp-json\/wp\/v2\/pages\/135\/revisions"}],"predecessor-version":[{"id":400,"href":"http:\/\/lecailloublanc.fr\/agence-accueil\/wp-json\/wp\/v2\/pages\/135\/revisions\/400"}],"wp:attachment":[{"href":"http:\/\/lecailloublanc.fr\/agence-accueil\/wp-json\/wp\/v2\/media?parent=135"}],"curies":[{"name":"wp","href":"https:\/\/api.w.org\/{rel}","templated":true}]}}