{"id":143,"date":"2014-07-03T11:46:46","date_gmt":"2014-07-03T13:46:46","guid":{"rendered":"http:\/\/lecailloublanc.fr\/agence-accueil\/?page_id=143"},"modified":"2023-06-19T11:28:57","modified_gmt":"2023-06-19T13:28:57","slug":"contact","status":"publish","type":"page","link":"http:\/\/lecailloublanc.fr\/agence-accueil\/en\/contact\/","title":{"rendered":"Contact"},"content":{"rendered":"<div  class=\"fusion-fullwidth fullwidth-box fusion-blend-mode nonhundred-percent-fullwidth\"  style='background-color: rgba(255,255,255,0);background-position: center center;background-repeat: no-repeat;padding-top:0px;padding-right:0px;padding-bottom:0px;padding-left:0px;'><div class=\"fusion-builder-row fusion-row \"><div  class=\"fusion-layout-column fusion_builder_column fusion_builder_column_1_1  fusion-one-full fusion-column-first fusion-column-last 1_1\"  style='margin-top:0px;margin-bottom:0px;'>\n\t\t\t\t\t<div class=\"fusion-column-wrapper\" style=\"background-position:left top;background-repeat:no-repeat;-webkit-background-size:cover;-moz-background-size:cover;-o-background-size:cover;background-size:cover;\"  data-bg-url=\"\">\n\t\t\t\t\t\t<div class=\"fusion-clearfix\"><\/div>\n\n\t\t\t\t\t<\/div>\n\t\t\t\t<\/div><div  class=\"fusion-layout-column fusion_builder_column fusion_builder_column_2_3  fusion-two-third fusion-column-first 2_3\"  style='margin-top:0px;margin-bottom:20px;width:66.66%;width:calc(66.66% - ( ( 4% ) * 0.6666 ) );margin-right: 4%;'>\n\t\t\t\t\t<div class=\"fusion-column-wrapper\" style=\"background-position:left top;background-repeat:no-repeat;-webkit-background-size:cover;-moz-background-size:cover;-o-background-size:cover;background-size:cover;\"  data-bg-url=\"\">\n\t\t\t\t\t\t<div>Pour des raisons m\u00e9dicales impr\u00e9vues nous sommes dans le regret d&rsquo;annuler jusqu&rsquo;\u00e0 nouvel avis toutes nos prestations.<\/div>\n<div>Vous pouvez pour l&rsquo;organisation de tours de l&rsquo;\u00eele contacter le bureau touristique de Saint-Pierre \u00e0 : <a href=\"mailto:saint-pierre@spm-tourisme.fr\" target=\"_blank\" rel=\"noopener noreferrer\">saint-pierre@spm-tourisme.fr<\/a><\/div>\n<div>tel (+508)41 02 00<\/div>\n<div>Cordialement.<\/div>\n<div><\/div>\n<div><span lang=\"en\">For unforeseen medical reasons we regret to cancel all our services until further notice. For the organization of tours of the island, you can contact the tourist office of Saint-Pierre at: <a href=\"mailto:saint-pierre@spm-tourisme.fr\" target=\"_blank\" rel=\"noopener noreferrer\">saint-pierre@spm-tourisme.fr<\/a><\/span><\/div>\n<div><span lang=\"en\">\u00a0<\/span>tel (+508)41 02 00<\/div>\n<div role=\"form\" class=\"wpcf7\" id=\"wpcf7-f142-o1\" lang=\"fr-FR\" dir=\"ltr\">\n<div class=\"screen-reader-response\"><\/div>\n<form action=\"\/agence-accueil\/wp-json\/wp\/v2\/pages\/143#wpcf7-f142-o1\" method=\"post\" class=\"wpcf7-form\" novalidate=\"novalidate\">\n<div style=\"display: none;\">\n<input type=\"hidden\" name=\"_wpcf7\" value=\"142\" \/>\n<input type=\"hidden\" name=\"_wpcf7_version\" value=\"4.8\" \/>\n<input type=\"hidden\" name=\"_wpcf7_locale\" value=\"fr_FR\" \/>\n<input type=\"hidden\" name=\"_wpcf7_unit_tag\" value=\"wpcf7-f142-o1\" \/>\n<input type=\"hidden\" name=\"_wpcf7_container_post\" value=\"0\" \/>\n<input type=\"hidden\" name=\"_wpcf7_nonce\" value=\"3a301a7b9c\" \/>\n<\/div>\n<p>Votre nom (obligatoire) \/ Firstname - Lastname <br \/>\n    <span class=\"wpcf7-form-control-wrap your-name\"><input type=\"text\" name=\"your-name\" value=\"\" size=\"40\" class=\"wpcf7-form-control wpcf7-text wpcf7-validates-as-required\" aria-required=\"true\" aria-invalid=\"false\" \/><\/span> <\/p>\n<p>Votre email (obligatoire) \/ Email<br \/>\n    <span class=\"wpcf7-form-control-wrap your-email\"><input type=\"email\" name=\"your-email\" value=\"\" size=\"40\" class=\"wpcf7-form-control wpcf7-text wpcf7-email wpcf7-validates-as-required wpcf7-validates-as-email\" aria-required=\"true\" aria-invalid=\"false\" \/><\/span> <\/p>\n<p>Sujet \/ Subject<br \/>\n    <span class=\"wpcf7-form-control-wrap your-subject\"><input type=\"text\" name=\"your-subject\" value=\"\" size=\"40\" class=\"wpcf7-form-control wpcf7-text\" aria-invalid=\"false\" \/><\/span> <\/p>\n<p>Votre message \/ Message<br \/>\n    <span class=\"wpcf7-form-control-wrap your-message\"><textarea name=\"your-message\" cols=\"40\" rows=\"10\" class=\"wpcf7-form-control wpcf7-textarea\" aria-invalid=\"false\"><\/textarea><\/span> <\/p>\n<p>Veuillez renseigner le contr\u00f4le de s\u00e9curit\u00e9 \/ Fill in the security control code<br \/>\n<input type=\"hidden\" name=\"_wpcf7_captcha_challenge_captcha-900\" value=\"1\" \/><img class=\"wpcf7-form-control wpcf7-captchac wpcf7-captcha-captcha-900\" width=\"72\" height=\"24\" alt=\"captcha\" src=\"http:\/\/lecailloublanc.fr\/agence-accueil\/wp-content\/uploads\/wpcf7_captcha\/1.png\" \/><br \/>\n<span class=\"wpcf7-form-control-wrap captcha-900\"><input type=\"text\" name=\"captcha-900\" value=\"\" size=\"40\" class=\"wpcf7-form-control wpcf7-captchar\" autocomplete=\"off\" aria-invalid=\"false\" \/><\/span> <\/p>\n<p><input type=\"submit\" value=\"Envoyer \/ Submit\" class=\"wpcf7-form-control wpcf7-submit\" \/><\/p>\n<div class=\"wpcf7-response-output wpcf7-display-none\"><\/div><\/form><\/div>\n<div class=\"fusion-clearfix\"><\/div>\n\n\t\t\t\t\t<\/div>\n\t\t\t\t<\/div><div  class=\"fusion-layout-column fusion_builder_column fusion_builder_column_1_3  fusion-one-third fusion-column-last 1_3\"  style='margin-top:0px;margin-bottom:20px;width:33.33%;width:calc(33.33% - ( ( 4% ) * 0.3333 ) );'>\n\t\t\t\t\t<div class=\"fusion-column-wrapper\" style=\"background-position:left top;background-repeat:no-repeat;-webkit-background-size:cover;-moz-background-size:cover;-o-background-size:cover;background-size:cover;\"  data-bg-url=\"\">\n\t\t\t\t\t\t<h4 data-fontsize=\"13\" data-lineheight=\"19\">Located in Saint-Pierre et Miquelon<\/h4>\n<p>Saint-Pierre et Miquelon, 97500<br \/>\nTel:<br \/>\nfrom\u00a0 France 05 08 41 49 88<br \/>\nfrom\u00a0 Canada \u2013 USA 011 508 41 49 88<br \/>\nCel:<br \/>\nfrom France 05 08 55 74 22<br \/>\nfrom Canada \u2013 USA 011 508 55 74 22<\/p>\n<p>Mail: jcfouchard@cheznoo.net<br \/>\nWeb: <a href=\"http:\/\/www.lecailloublanc.fr\">www.lecailloublanc.fr<\/a><\/p>\n<span class=\"fusion-imageframe imageframe-none imageframe-1 hover-type-none\"><a class=\"fusion-no-lightbox\" href=\"http:\/\/lecailloublanc.fr\/agence-accueil\/wp-content\/uploads\/2014\/01\/Flyers-Caillou-Blanc-2010.pdf\" target=\"_blank\" aria-label=\"Flyers-Caillou-Blanc-2010\" rel=\"noopener noreferrer\"><img decoding=\"async\" loading=\"lazy\" src=\"http:\/\/lecailloublanc.fr\/agence-accueil\/wp-content\/uploads\/2014\/01\/Flyers-Caillou-Blanc-2010.jpg\" width=\"295\" height=\"315\" alt=\"\" class=\"img-responsive wp-image-94\"\/><\/a><\/span><div class=\"fusion-clearfix\"><\/div>\n\n\t\t\t\t\t<\/div>\n\t\t\t\t<\/div><\/div><\/div>\n","protected":false},"excerpt":{"rendered":"","protected":false},"author":1,"featured_media":0,"parent":0,"menu_order":3,"comment_status":"open","ping_status":"open","template":"","meta":[],"_links":{"self":[{"href":"http:\/\/lecailloublanc.fr\/agence-accueil\/wp-json\/wp\/v2\/pages\/143"}],"collection":[{"href":"http:\/\/lecailloublanc.fr\/agence-accueil\/wp-json\/wp\/v2\/pages"}],"about":[{"href":"http:\/\/lecailloublanc.fr\/agence-accueil\/wp-json\/wp\/v2\/types\/page"}],"author":[{"embeddable":true,"href":"http:\/\/lecailloublanc.fr\/agence-accueil\/wp-json\/wp\/v2\/users\/1"}],"replies":[{"embeddable":true,"href":"http:\/\/lecailloublanc.fr\/agence-accueil\/wp-json\/wp\/v2\/comments?post=143"}],"version-history":[{"count":10,"href":"http:\/\/lecailloublanc.fr\/agence-accueil\/wp-json\/wp\/v2\/pages\/143\/revisions"}],"predecessor-version":[{"id":395,"href":"http:\/\/lecailloublanc.fr\/agence-accueil\/wp-json\/wp\/v2\/pages\/143\/revisions\/395"}],"wp:attachment":[{"href":"http:\/\/lecailloublanc.fr\/agence-accueil\/wp-json\/wp\/v2\/media?parent=143"}],"curies":[{"name":"wp","href":"https:\/\/api.w.org\/{rel}","templated":true}]}}