{"id":36,"date":"2013-11-20T10:26:35","date_gmt":"2013-11-20T13:26:35","guid":{"rendered":"http:\/\/lecailloublanc.fr\/agence-accueil\/?page_id=36"},"modified":"2023-06-23T10:36:33","modified_gmt":"2023-06-23T12:36:33","slug":"services","status":"publish","type":"page","link":"http:\/\/lecailloublanc.fr\/agence-accueil\/services\/","title":{"rendered":"Nos services"},"content":{"rendered":"<div  class=\"fusion-fullwidth fullwidth-box fusion-blend-mode nonhundred-percent-fullwidth\"  style='background-color: rgba(255,255,255,0);background-position: center center;background-repeat: no-repeat;padding-top:0px;padding-right:0px;padding-bottom:0px;padding-left:0px;'><div class=\"fusion-builder-row fusion-row \"><div  class=\"fusion-layout-column fusion_builder_column fusion_builder_column_1_1  fusion-one-full fusion-column-first fusion-column-last 1_1\"  style='margin-top:0px;margin-bottom:0px;'>\n\t\t\t\t\t<div class=\"fusion-column-wrapper\" style=\"background-position:left top;background-repeat:no-repeat;-webkit-background-size:cover;-moz-background-size:cover;-o-background-size:cover;background-size:cover;\"  data-bg-url=\"\">\n\t\t\t\t\t\t<div class=\"fusion-clearfix\"><\/div>\n\n\t\t\t\t\t<\/div>\n\t\t\t\t<\/div><div  class=\"fusion-layout-column fusion_builder_column fusion_builder_column_2_3  fusion-two-third fusion-column-first 2_3\"  style='margin-top:0px;margin-bottom:20px;width:66.66%;width:calc(66.66% - ( ( 4% ) * 0.6666 ) );margin-right: 4%;'>\n\t\t\t\t\t<div class=\"fusion-column-wrapper\" style=\"background-position:left top;background-repeat:no-repeat;-webkit-background-size:cover;-moz-background-size:cover;-o-background-size:cover;background-size:cover;\"  data-bg-url=\"\">\n\t\t\t\t\t\t<p>Nos services vont de<b> l&rsquo;accueil personnalis\u00e9 \u00e0 l&rsquo;a\u00e9roport<\/b> de Saint-Pierre pour un acheminement vers votre h\u00f4tel, \u00e0 la planification d&rsquo;un s\u00e9jour entier, en passant par des interventions courtes ou sp\u00e9cifiques telles que pr\u00e9sent\u00e9es ci-dessous :<br \/>\n<a name=\"0\"><\/a><br \/>\n<b><a href=\"#1\">* Service de programmation de s\u00e9jour<\/a><\/b><\/p>\n<p><b><a href=\"#2\">* Accueil personnalis\u00e9 \u00e0 l&rsquo;a\u00e9roport d\u00e8s votre arriv\u00e9e \u00e0 Saint-Pierre et Miquelon<\/a><\/b><\/p>\n<p><b><a href=\"#3\">* Organisation de visites \u00e0 la demande (Tours guid\u00e9s)<br \/>\n<\/a><\/b><\/p>\n<p><b><a href=\"#4\">* R\u00e9servation d&rsquo;activit\u00e9s de loisirs<\/a><\/b><\/p>\n<p><b><a href=\"#5\">* Tour de l&rsquo;\u00eele : d\u00e9couverte de la ville et des milieux naturels (Tours guid\u00e9s)<br \/>\n<\/a><\/b><\/p>\n<p><b><a href=\"#6\">* Mise en lien avec prestataires de services en tous genres<\/a><\/b><\/p>\n<p><b><a href=\"#7\">* Assistance linguistique<\/a><\/b><\/p>\n<p><b><a href=\"#8\">* Service chauffeur priv\u00e9 \u00e0 la demande<\/a><\/b><\/p>\n<p><b>* Assistance individuelle ou de groupe<\/b><br \/>\n<a name=\"1\"><\/a><br \/>\n<b>Service de programmation de votre s\u00e9jour<\/b><\/p>\n<p>Vous comptez visiter notre archipel prochainement, pour des raisons touristiques ou professionnelles, \u00a0\u00bb le Caillou Blanc \u00a0\u00bb vous propose un service personnalis\u00e9 pour la dur\u00e9e de votre s\u00e9jour ou \u00e0 certains moments de celui-ci.<\/p>\n<p>La prestation peut aller de l&rsquo;accueil personnalis\u00e9 \u00e0 l&rsquo;a\u00e9roport ou au port, \u00e0 la d\u00e9couverte de l&rsquo;archipel, en passant par une succession de r\u00e9servations prises \u00e0 l&rsquo;avance et qui vous seront propos\u00e9es sous forme de programme de mani\u00e8re anticip\u00e9e : h\u00e9bergement, restauration, lieux de visite, loisirs, services sp\u00e9cifiques, organisations de rencontres ou de rendez-vous professionnels\u2026<\/p>\n<p>Nous apporterons des r\u00e9ponses \u00e0 tous vos besoins (organisationnels ou mat\u00e9riels), si ceux-ci peuvent se solutionner sur notre archipel. Il peut s&rsquo;agir de d\u00e9couvertes int\u00e9grales ou partielles de l&rsquo;archipel, d&rsquo;assistances et de services en tous genres \u00e0 la carte.<\/p>\n<p><a href=\"#0\">Retour<\/a><br \/>\n<a name=\"2\"><\/a><br \/>\n<b>Accueil personnalis\u00e9 d\u00e8s votre arriv\u00e9e \u00e0 Saint-Pierre et Miquelon<\/b><\/p>\n<p>Vous avez programm\u00e9 un s\u00e9jour dans notre archipel et vous souhaitez \u00eatre accueilli de mani\u00e8re personnalis\u00e9e \u00e0 l&rsquo;a\u00e9roport ou \u00e0 l&rsquo;arriv\u00e9e du bateau \u00e0 Saint-Pierre, notre entreprise est en mesure de r\u00e9aliser votre souhait avec <b>un v\u00e9hicule de type Van (1 \u00e0 6 personnes) et si besoin compl\u00e9t\u00e9 d&rsquo;un deuxi\u00e8me v\u00e9hicule.<\/b><\/p>\n<p>Cet <b>accueil personnalis\u00e9<\/b> peut se r\u00e9aliser avec des demandes particuli\u00e8res en mati\u00e8re d&rsquo;\u00e9quipements (si\u00e8ge- auto b\u00e9b\u00e9, poussettes\u2026.) ou d&rsquo;animations (pr\u00e9sentation de l&rsquo;archipel et des activit\u00e9s pouvant s&rsquo;y d\u00e9rouler : horaires, lieux\u2026).<\/p>\n<p>Il peut donc s&rsquo;agir d&rsquo;un accueil personnalis\u00e9 vous conduisant vers votre lieu d&rsquo;h\u00e9bergement ou d&rsquo;un service plus complet qui peut comprendre la r\u00e9servation d&rsquo;h\u00f4tels, le transport vers l&rsquo;h\u00f4tel, une pr\u00e9sentation de l&rsquo;archipel et des activit\u00e9s possibles durant votre s\u00e9jour.<\/p>\n<p>Il sera possible \u00e9galement \u00e0 partir de cet accueil personnalis\u00e9 d&rsquo;\u00e9tablir avec vous, selon les propositions du moment (selon la p\u00e9riode) un programme pour la dur\u00e9e de votre s\u00e9jour complet ou en partie.<\/p>\n<p><a href=\"#0\">Retour<\/a><\/p>\n<p><b>\u00a0<\/b><br \/>\n<a name=\"3\"><\/a><br \/>\n<b>Organisation de visites \u00e0 la demande<\/b><\/p>\n<p>Vous \u00eates pr\u00e9sent dans l&rsquo;archipel et <b>vous souhaitez le d\u00e9couvrir de mani\u00e8re plus personnelle, plus originale, plus individuelle ou encore selon vos centres d&rsquo;int\u00e9r\u00eats, l&rsquo;\u00e2ge de vos enfants \u2026<\/b><\/p>\n<p><b>Nous pouvons r\u00e9pondre \u00e0 vos demandes.<\/b><\/p>\n<p>D\u00e9finissez vos envies, <b>nous ferons le reste<\/b> si les possibilit\u00e9s existent sur l&rsquo;archipel.<\/p>\n<p>Cela peut \u00eatre une visite de lieux particuliers, <b>une balade en mer<\/b>, <b>une visite sous l&rsquo;angle \u00e9cologique<\/b>, <b>une balade en montagne<\/b> <b>avec pique-nique<\/b>, <b>une partie de p\u00eache\u2026<\/b><\/p>\n<p><a href=\"#0\">Retour<\/a><br \/>\n<a name=\"4\"><\/a><br \/>\n<b>R\u00e9servation d&rsquo;activit\u00e9s de loisirs<\/b><\/p>\n<p>Vous devez venir sur l&rsquo;archipel ou vous y \u00eates d\u00e9j\u00e0, mais vous n&rsquo;avez pas le temps ou l&rsquo;envie de chercher les activit\u00e9s qui sont disponibles, pour vous ou vos enfants.<\/p>\n<p><b>Faites appel \u00e0 nous<\/b>, nous sommes en mesure de vous informer sur l&rsquo;existant, selon la saison et d&rsquo;effectuer vos r\u00e9servations (stages de voile, tourn\u00e9es en zodiac, partie de p\u00eache en mer, centre de loisirs pour enfants \u00e0 la journ\u00e9e ou sur plusieurs jours, etc).<\/p>\n<p><a href=\"#0\">Retour<\/a><br \/>\n<a name=\"5\"><\/a><br \/>\n<b>Tour de l&rsquo;\u00eele : d\u00e9couverte de la ville et des milieux naturels<\/b><\/p>\n<p>Vous d\u00e9sirez faire une d\u00e9couverte rapide de l&rsquo;\u00eele, pour une dur\u00e9e d&rsquo;une \u00e0 deux heures, notre entreprise vous propose <b>une visite guid\u00e9e de l&rsquo;\u00eele en van<\/b>, de sa ville et de son paysage.<\/p>\n<p><b>Une visite personnalis\u00e9e et modifiable \u00e0 volont\u00e9 selon vos centres d&rsquo;int\u00e9r\u00eats.<\/b><\/p>\n<p><b>Vous pouvez r\u00e9server \u00e0 l&rsquo;avance ou spontan\u00e9ment par t\u00e9l\u00e9phone (voir nos coordonn\u00e9es).<\/b><\/p>\n<p><a href=\"#0\">Retour<\/a><br \/>\n<a name=\"6\"><\/a><br \/>\n<b>Mise en lien avec prestataires de services en tous genres<\/b><\/p>\n<p>Lors d&rsquo;un s\u00e9jour dans une destination inconnue jusqu&rsquo;alors, il est toujours difficile de trouver les services adapt\u00e9s \u00e0 nos besoins au moment o\u00f9 on le souhaite : coiffeur, esth\u00e9ticienne, couturi\u00e8re, pharmacie, pressing, achat d&rsquo;un produit particulier (souvenir, alimentation \u2026) \u2026<\/p>\n<p><b>Pas d&rsquo;inqui\u00e9tude, nous sommes en mesure de vous donner l&rsquo;information, d&rsquo;effectuer vos r\u00e9servations, voire m\u00eame si vous le d\u00e9sirez d&rsquo;effectuer la course pour vous.<\/b><\/p>\n<p><a href=\"#0\">Retour<\/a><br \/>\n<a name=\"7\"><\/a><br \/>\n<b>Assistance linguistique<\/b><\/p>\n<p>Vous \u00eates de passage dans l&rsquo;archipel, nous vous proposons un service d&rsquo;assistance linguistique en anglais pour des interventions tr\u00e8s courtes ou sur la totalit\u00e9 de votre s\u00e9jour.<br \/>\nCela peut aller d&rsquo;une traduction, lors de rencontres sp\u00e9cifiques : rencontres professionnelles, activit\u00e9s de loisirs ou pour l&rsquo;ensemble des activit\u00e9s d&rsquo;un s\u00e9jour.<\/p>\n<p><a href=\"#0\">Retour<\/a><br \/>\n<a name=\"8\"><\/a><br \/>\n<b>Service chauffeur priv\u00e9 \u00e0 la demande (1 \u00e0 6 personnes voire plus)<\/b><\/p>\n<p>Vous avez l&rsquo;intention de s\u00e9journer sur Saint-Pierre ou vous \u00eates d\u00e9j\u00e0 sur l&rsquo;archipel, notre entreprise vous propose un service de chauffeur priv\u00e9 \u00e0 la demande. Le service propos\u00e9 s&rsquo;effectue avec un v\u00e9hicule type van, pouvant accueillir jusqu&rsquo;\u00e0 6 personnes. Ce service peut \u00eatre demand\u00e9 \u00e0 la journ\u00e9e, \u00e0 la demi-journ\u00e9e ou encore \u00e0 l&rsquo;heure.<\/p>\n<p>Il s&rsquo;agit ici de r\u00e9pondre \u00e0 des demandes particuli\u00e8res pour des d\u00e9couvertes int\u00e9grales ou partielles de l&rsquo;archipel ou encore si votre visite est professionnelle d&rsquo;avoir \u00e0 votre disposition un v\u00e9hicule et son chauffeur selon vos besoins.<\/p>\n<p>Le service de chauffeur pourra toutefois, \u00e0 la demande, \u00eatre compl\u00e9t\u00e9 par d&rsquo;autres types d&rsquo;interventions sp\u00e9cifiques : r\u00e9servation de restaurants, travail de dactylographie\u2026<\/p>\n<div class=\"fusion-clearfix\"><\/div>\n\n\t\t\t\t\t<\/div>\n\t\t\t\t<\/div><div  class=\"fusion-layout-column fusion_builder_column fusion_builder_column_1_3  fusion-one-third fusion-column-last 1_3\"  style='margin-top:0px;margin-bottom:20px;width:33.33%;width:calc(33.33% - ( ( 4% ) * 0.3333 ) );'>\n\t\t\t\t\t<div class=\"fusion-column-wrapper\" style=\"background-position:left top;background-repeat:no-repeat;-webkit-background-size:cover;-moz-background-size:cover;-o-background-size:cover;background-size:cover;\"  data-bg-url=\"\">\n\t\t\t\t\t\t<h4 data-fontsize=\"13\" data-lineheight=\"19\">Situ\u00e9e \u00e0 Saint-Pierre et Miquelon<\/h4>\n<p>Saint-Pierre et Miquelon, 97500<br \/>\nTel:<br \/>\nfrom\u00a0 France 05 08 41 49 88<br \/>\nfrom\u00a0 Canada \u2013 USA 011 508 41 49 88<br \/>\nCel:<br \/>\nfrom France 05 08 55 74 22<br \/>\nfrom Canada \u2013 USA 011 508 55 74 22<\/p>\n<p>Mail: jcfouchard@cheznoo.net<br \/>\nWeb: <a href=\"http:\/\/www.lecailloublanc.fr\">www.lecailloublanc.fr<\/a><\/p>\n<span class=\"fusion-imageframe imageframe-none imageframe-1 hover-type-none\"><a class=\"fusion-no-lightbox\" href=\"http:\/\/lecailloublanc.fr\/agence-accueil\/wp-content\/uploads\/2014\/01\/Flyers-Caillou-Blanc-2010.pdf\" target=\"_blank\" aria-label=\"Flyers-Caillou-Blanc-2010\" rel=\"noopener noreferrer\"><img decoding=\"async\" loading=\"lazy\" src=\"http:\/\/lecailloublanc.fr\/agence-accueil\/wp-content\/uploads\/2014\/01\/Flyers-Caillou-Blanc-2010.jpg\" width=\"295\" height=\"315\" alt=\"\" class=\"img-responsive wp-image-94\"\/><\/a><\/span><div class=\"fusion-clearfix\"><\/div>\n\n\t\t\t\t\t<\/div>\n\t\t\t\t<\/div><\/div><\/div>\n","protected":false},"excerpt":{"rendered":"","protected":false},"author":1,"featured_media":0,"parent":0,"menu_order":2,"comment_status":"closed","ping_status":"open","template":"","meta":[],"_links":{"self":[{"href":"http:\/\/lecailloublanc.fr\/agence-accueil\/wp-json\/wp\/v2\/pages\/36"}],"collection":[{"href":"http:\/\/lecailloublanc.fr\/agence-accueil\/wp-json\/wp\/v2\/pages"}],"about":[{"href":"http:\/\/lecailloublanc.fr\/agence-accueil\/wp-json\/wp\/v2\/types\/page"}],"author":[{"embeddable":true,"href":"http:\/\/lecailloublanc.fr\/agence-accueil\/wp-json\/wp\/v2\/users\/1"}],"replies":[{"embeddable":true,"href":"http:\/\/lecailloublanc.fr\/agence-accueil\/wp-json\/wp\/v2\/comments?post=36"}],"version-history":[{"count":14,"href":"http:\/\/lecailloublanc.fr\/agence-accueil\/wp-json\/wp\/v2\/pages\/36\/revisions"}],"predecessor-version":[{"id":348,"href":"http:\/\/lecailloublanc.fr\/agence-accueil\/wp-json\/wp\/v2\/pages\/36\/revisions\/348"}],"wp:attachment":[{"href":"http:\/\/lecailloublanc.fr\/agence-accueil\/wp-json\/wp\/v2\/media?parent=36"}],"curies":[{"name":"wp","href":"https:\/\/api.w.org\/{rel}","templated":true}]}}