{"id":59,"date":"2013-11-20T11:25:55","date_gmt":"2013-11-20T14:25:55","guid":{"rendered":"http:\/\/lecailloublanc.fr\/agence-accueil\/?page_id=59"},"modified":"2023-06-23T10:36:33","modified_gmt":"2023-06-23T12:36:33","slug":"ou-sommes-nous","status":"publish","type":"page","link":"http:\/\/lecailloublanc.fr\/agence-accueil\/ou-sommes-nous\/","title":{"rendered":"O\u00f9 sommes-nous"},"content":{"rendered":"<p>Saint-Pierre-et-Miquelon est un archipel fran\u00e7ais d&rsquo;Am\u00e9rique du Nord situ\u00e9 dans l&rsquo;oc\u00e9an Atlantique nord, \u00e0 25 km au sud de l\u2019\u00eele canadienne de Terre-Neuve. Ancien d\u00e9partement d&rsquo;outre-mer, puis collectivit\u00e9 territoriale \u00e0 statut particulier, c&rsquo;est aujourd&rsquo;hui une collectivit\u00e9 d&rsquo;outre-mer.<\/p>\n<p>Pour venir \u00e0 Saint-Pierre et Miquelon plusieurs solutions sont possibles:<br \/>\n&#8211; par avion depuis le canada (Montr\u00e9al, Halifax, St-John&rsquo;s NFLD),<br \/>\n&#8211; par traversier depuis Fortune (NFLD).<\/p>\n<p>&nbsp;<\/p>\n<div id=\"wpgmza_map\" class=\"wpgmza_map\" data-settings='{\"id\":\"1\",\"map_title\":\"My first map\",\"map_width\":\"600\",\"map_height\":\"400\",\"map_start_lat\":\"46.497714\",\"map_start_lng\":\"-58.399489\",\"map_start_location\":\"46.497713767757936,-58.39948937500003\",\"map_start_zoom\":\"6\",\"default_marker\":\"\",\"type\":\"1\",\"alignment\":\"1\",\"directions_enabled\":\"0\",\"styling_enabled\":\"0\",\"styling_json\":\"\",\"active\":\"0\",\"kml\":\"\",\"bicycle\":\"0\",\"traffic\":\"0\",\"dbox\":\"0\",\"dbox_width\":\"\",\"listmarkers\":\"0\",\"listmarkers_advanced\":\"0\",\"filterbycat\":\"0\",\"ugm_enabled\":\"0\",\"fusion\":\"\",\"map_width_type\":\"px\",\"map_height_type\":\"px\",\"mass_marker_support\":\"1\",\"ugm_access\":\"0\",\"order_markers_by\":\"0\",\"order_markers_choice\":\"0\",\"show_user_location\":\"0\",\"ugm_category_enabled\":\"0\",\"default_to\":\"\",\"other_settings\":{\"transport_layer\":null}}' data-map-id='1' Data-maps-engine='' data-shortcode-attributes='{\"id\":\"1\"}' style=\"display:block; overflow:auto; width:600px; height:400px; float:left;\"><\/div>\n","protected":false},"excerpt":{"rendered":"<p>Saint-Pierre-et-Miquelon est un archipel fran\u00e7ais d&rsquo;Am\u00e9rique du Nord situ\u00e9 dans l&rsquo;oc\u00e9an Atlantique nord, \u00e0 25 km au sud de l\u2019\u00eele canadienne de Terre-Neuve. Ancien d\u00e9partement d&rsquo;outre-mer, puis collectivit\u00e9 territoriale \u00e0 statut particulier, c&rsquo;est aujourd&rsquo;hui une collectivit\u00e9 d&rsquo;outre-mer. Pour venir \u00e0 Saint-Pierre et Miquelon plusieurs solutions sont possibles: &#8211; par avion depuis le canada (Montr\u00e9al, Halifax, [&hellip;]<\/p>\n","protected":false},"author":1,"featured_media":0,"parent":0,"menu_order":4,"comment_status":"closed","ping_status":"open","template":"","meta":[],"_links":{"self":[{"href":"http:\/\/lecailloublanc.fr\/agence-accueil\/wp-json\/wp\/v2\/pages\/59"}],"collection":[{"href":"http:\/\/lecailloublanc.fr\/agence-accueil\/wp-json\/wp\/v2\/pages"}],"about":[{"href":"http:\/\/lecailloublanc.fr\/agence-accueil\/wp-json\/wp\/v2\/types\/page"}],"author":[{"embeddable":true,"href":"http:\/\/lecailloublanc.fr\/agence-accueil\/wp-json\/wp\/v2\/users\/1"}],"replies":[{"embeddable":true,"href":"http:\/\/lecailloublanc.fr\/agence-accueil\/wp-json\/wp\/v2\/comments?post=59"}],"version-history":[{"count":4,"href":"http:\/\/lecailloublanc.fr\/agence-accueil\/wp-json\/wp\/v2\/pages\/59\/revisions"}],"predecessor-version":[{"id":63,"href":"http:\/\/lecailloublanc.fr\/agence-accueil\/wp-json\/wp\/v2\/pages\/59\/revisions\/63"}],"wp:attachment":[{"href":"http:\/\/lecailloublanc.fr\/agence-accueil\/wp-json\/wp\/v2\/media?parent=59"}],"curies":[{"name":"wp","href":"https:\/\/api.w.org\/{rel}","templated":true}]}}